{"id":138,"date":"2018-11-17T19:38:24","date_gmt":"2018-11-17T18:38:24","guid":{"rendered":"https:\/\/blogs.urz.uni-halle.de\/ethno2019\/?page_id=138"},"modified":"2018-11-27T12:03:22","modified_gmt":"2018-11-27T11:03:22","slug":"get-there","status":"publish","type":"page","link":"https:\/\/ethnography-conference-2019.philfak3.uni-halle.de\/en\/venue\/get-there\/","title":{"rendered":"How to get there"},"content":{"rendered":"<p><img loading=\"lazy\" class=\"alignnone wp-image-223 size-full\" src=\"https:\/\/ethnography-conference-2019.philfak3.uni-halle.de\/files\/2018\/11\/Map-Franckesche-Stiftungen_Original.jpg\" alt=\"\" width=\"1473\" height=\"795\" srcset=\"https:\/\/ethnography-conference-2019.philfak3.uni-halle.de\/files\/2018\/11\/Map-Franckesche-Stiftungen_Original.jpg 1473w, https:\/\/ethnography-conference-2019.philfak3.uni-halle.de\/files\/2018\/11\/Map-Franckesche-Stiftungen_Original-300x162.jpg 300w, https:\/\/ethnography-conference-2019.philfak3.uni-halle.de\/files\/2018\/11\/Map-Franckesche-Stiftungen_Original-768x415.jpg 768w, https:\/\/ethnography-conference-2019.philfak3.uni-halle.de\/files\/2018\/11\/Map-Franckesche-Stiftungen_Original-1024x553.jpg 1024w, https:\/\/ethnography-conference-2019.philfak3.uni-halle.de\/files\/2018\/11\/Map-Franckesche-Stiftungen_Original-624x337.jpg 624w\" sizes=\"(max-width: 1473px) 100vw, 1473px\" \/><\/p>\n<p><strong>By foot<\/strong><\/p>\n<p>It takes approximately 15 minutes by foot to reach the Franckesche Stiftungen from the central station. Follow the signs at the main station saying \u201eInnenstadt\u201c into the pedestrian area. At the traffic lights near the Leipziger Turm (Leipzig tower) you walk leftwards onto the Waisenhausring (orphanage ring road). Keep following the Waisenhausring until the Franckeplatz, where the main entrance of the foundation lies on the left side.<\/p>\n<p><strong>By public transportation<\/strong><\/p>\n<p>At the central train station the tramlines 4 (direction Kr\u00f6llwitz), 7 (direction Kr\u00f6llwitz) and 9 (direction G\u00f6ttinger Bogen) stop. These take you without any changing directly to the Franckeplatz (tramstop \u201eFranckeplatz\u201c). Across from the left-hand side of the tramstop lies the historical orphanage of the Franckesche Stiftungen.<\/p>\n<p>From town: Chose a connection which brings you to the market place. From here the lines 1, 3, 7 or 16 take you with one stop going south right to the Franckeplatz. The historical orphanage of the Franckesche Stiftungen lies only a little bit further along into the direction of the tram.<\/p>\n<p><strong>By car<\/strong><\/p>\n<p>From the A9 departure Halle, from the A 14 departure Pei\u00dfen and the B100 into the direction Halle-centre.<\/p>\n<p>Follow the direction sign \u201eAll directions\u201c onto the B6 (Volkmannstra\u00dfe) and further into the direction centre. Exit the B6 at the big roundabout Riebeckplatz into the direction \u201eZentrum\/Eisleben\u201c and follow the sign \u201eFranckesche Stiftungen\u201c.<\/p>\n<p>Coming along the B80 from Eisleben you follow the signs to Halle. After crossing the Saale you chose the first exit on the right-hand side onto the Glauchaer Platz. From there please follow the signs \u201eFranckesche Stiftungen\u201c.<\/p>\n<p><strong>Parking<\/strong><\/p>\n<p>As the foundation compound is not open to public transport, we ask you kindly to use the common parking space.<\/p>\n<p><a href=\"https:\/\/goo.gl\/maps\/LxVgPF9BjEG2\" target=\"_blank\" rel=\"noopener\"><img loading=\"lazy\" class=\"alignnone wp-image-208 size-full\" src=\"https:\/\/ethnography-conference-2019.philfak3.uni-halle.de\/files\/2018\/11\/Bildschirmfoto-2018-11-18-um-09.20.34.png\" alt=\"\" width=\"835\" height=\"735\" srcset=\"https:\/\/ethnography-conference-2019.philfak3.uni-halle.de\/files\/2018\/11\/Bildschirmfoto-2018-11-18-um-09.20.34.png 835w, https:\/\/ethnography-conference-2019.philfak3.uni-halle.de\/files\/2018\/11\/Bildschirmfoto-2018-11-18-um-09.20.34-300x264.png 300w, https:\/\/ethnography-conference-2019.philfak3.uni-halle.de\/files\/2018\/11\/Bildschirmfoto-2018-11-18-um-09.20.34-768x676.png 768w, https:\/\/ethnography-conference-2019.philfak3.uni-halle.de\/files\/2018\/11\/Bildschirmfoto-2018-11-18-um-09.20.34-624x549.png 624w\" sizes=\"(max-width: 835px) 100vw, 835px\" \/><\/a><\/p>\n<p>Click picture to go directly to Google Maps.<\/p>","protected":false},"excerpt":{"rendered":"<p>By foot It takes approximately 15 minutes by foot to reach the Franckesche Stiftungen from the central station. Follow the signs at the main station saying \u201eInnenstadt\u201c into the pedestrian area. At the traffic lights near the Leipziger Turm (Leipzig tower) you walk leftwards onto the Waisenhausring (orphanage ring road). Keep following the Waisenhausring until [&hellip;]<\/p>\n","protected":false},"author":3859,"featured_media":0,"parent":24,"menu_order":2,"comment_status":"closed","ping_status":"closed","template":"","meta":[],"_links":{"self":[{"href":"https:\/\/ethnography-conference-2019.philfak3.uni-halle.de\/en\/wp-json\/wp\/v2\/pages\/138"}],"collection":[{"href":"https:\/\/ethnography-conference-2019.philfak3.uni-halle.de\/en\/wp-json\/wp\/v2\/pages"}],"about":[{"href":"https:\/\/ethnography-conference-2019.philfak3.uni-halle.de\/en\/wp-json\/wp\/v2\/types\/page"}],"author":[{"embeddable":true,"href":"https:\/\/ethnography-conference-2019.philfak3.uni-halle.de\/en\/wp-json\/wp\/v2\/users\/3859"}],"replies":[{"embeddable":true,"href":"https:\/\/ethnography-conference-2019.philfak3.uni-halle.de\/en\/wp-json\/wp\/v2\/comments?post=138"}],"version-history":[{"count":10,"href":"https:\/\/ethnography-conference-2019.philfak3.uni-halle.de\/en\/wp-json\/wp\/v2\/pages\/138\/revisions"}],"predecessor-version":[{"id":225,"href":"https:\/\/ethnography-conference-2019.philfak3.uni-halle.de\/en\/wp-json\/wp\/v2\/pages\/138\/revisions\/225"}],"up":[{"embeddable":true,"href":"https:\/\/ethnography-conference-2019.philfak3.uni-halle.de\/en\/wp-json\/wp\/v2\/pages\/24"}],"wp:attachment":[{"href":"https:\/\/ethnography-conference-2019.philfak3.uni-halle.de\/en\/wp-json\/wp\/v2\/media?parent=138"}],"curies":[{"name":"wp","href":"https:\/\/api.w.org\/{rel}","templated":true}]}}